{"id":158,"date":"2016-09-08T21:24:26","date_gmt":"2016-09-08T19:24:26","guid":{"rendered":"http:\/\/dev.h2ocommunication.com\/PAC\/?page_id=158&#038;lang=en"},"modified":"2018-01-08T01:10:42","modified_gmt":"2018-01-08T00:10:42","slug":"contact","status":"publish","type":"page","link":"http:\/\/pubcampeau.com\/en\/contact\/","title":{"rendered":"Contact"},"content":{"rendered":"<div id=\"pl-158\"  class=\"panel-layout\" ><div id=\"pg-158-0\"  class=\"panel-grid panel-no-style\" ><div id=\"pgc-158-0-0\"  class=\"panel-grid-cell\" ><div id=\"panel-158-0-0-0\" class=\"so-panel widget widget_sow-editor panel-first-child panel-last-child\" data-index=\"0\" ><div\n\t\t\t\n\t\t\tclass=\"so-widget-sow-editor so-widget-sow-editor-base\"\n\t\t\t\n\t\t>\n<div class=\"siteorigin-widget-tinymce textwidget\">\n\t<p><strong>Les Publicit\u00e9s A. Campeau Lt\u00e9e<\/strong><\/p>\n<p>5160 St-Patrick Street<br \/> Montr\u00e9al (Qu\u00e9bec) \u00a0H4E 4N5<br \/> <b>514 768-2424<\/b><br \/> <a href=\"mailto:pac@pubcampeau.com\">pac@pubcampeau.com<\/a><\/p>\n<p>\u00a0<\/p>\n<p><strong>A Team at your service<\/strong><\/p>\n<p>Available to meet your needs, you can contact us by phone, email or fill out the information form. A representative will contact you within 24 hours following the reception or you demand.<\/p>\n<p>Alain Campeau, President an CEO<br \/> alain@pubcampeau.com<\/p>\n<p>H\u00e9l\u00e8ne H. Campeau, Manager<br \/> ventes@pubcampeau.com<\/p>\n<p>Maryse Besner, Customer Service<br \/> pac@pubcampeau.com<\/p>\n<\/div>\n<\/div><\/div><\/div><div id=\"pgc-158-0-1\"  class=\"panel-grid-cell\" ><div id=\"panel-158-0-1-0\" class=\"so-panel widget widget_sow-editor panel-first-child panel-last-child\" data-index=\"1\" ><div\n\t\t\t\n\t\t\tclass=\"so-widget-sow-editor so-widget-sow-editor-base\"\n\t\t\t\n\t\t>\n<div class=\"siteorigin-widget-tinymce textwidget\">\n\t<p><strong>Information demand<\/strong><\/p>\n<p>\n<div class=\"wpcf7 no-js\" id=\"wpcf7-f189-o1\" lang=\"fr-FR\" dir=\"ltr\" data-wpcf7-id=\"189\">\n<div class=\"screen-reader-response\"><p role=\"status\" aria-live=\"polite\" aria-atomic=\"true\"><\/p> <ul><\/ul><\/div>\n<form action=\"\/en\/wp-json\/wp\/v2\/pages\/158#wpcf7-f189-o1\" method=\"post\" class=\"wpcf7-form init\" aria-label=\"Formulaire de contact\" novalidate=\"novalidate\" data-status=\"init\">\n<div style=\"display: none;\">\n<input type=\"hidden\" name=\"_wpcf7\" value=\"189\" \/>\n<input type=\"hidden\" name=\"_wpcf7_version\" value=\"6.0.6\" \/>\n<input type=\"hidden\" name=\"_wpcf7_locale\" value=\"fr_FR\" \/>\n<input type=\"hidden\" name=\"_wpcf7_unit_tag\" value=\"wpcf7-f189-o1\" \/>\n<input type=\"hidden\" name=\"_wpcf7_container_post\" value=\"0\" \/>\n<input type=\"hidden\" name=\"_wpcf7_posted_data_hash\" value=\"\" \/>\n<\/div>\n<div class=\"form\">\n\t<p><label>Name<b>*<\/b><br \/>\n<span class=\"wpcf7-form-control-wrap\" data-name=\"your-name\"><input size=\"40\" maxlength=\"400\" class=\"wpcf7-form-control wpcf7-text wpcf7-validates-as-required\" aria-required=\"true\" aria-invalid=\"false\" value=\"\" type=\"text\" name=\"your-name\" \/><\/span> <\/label>\n\t<\/p>\n\t<p><label>Email<b>*<\/b><br \/>\n<span class=\"wpcf7-form-control-wrap\" data-name=\"your-email\"><input size=\"40\" maxlength=\"400\" class=\"wpcf7-form-control wpcf7-email wpcf7-validates-as-required wpcf7-text wpcf7-validates-as-email\" aria-required=\"true\" aria-invalid=\"false\" value=\"\" type=\"email\" name=\"your-email\" \/><\/span> <\/label>\n\t<\/p>\n\t<p><label>Telephone<br \/>\n<span class=\"wpcf7-form-control-wrap\" data-name=\"your-tel\"><input size=\"40\" maxlength=\"400\" class=\"wpcf7-form-control wpcf7-tel wpcf7-text wpcf7-validates-as-tel\" aria-invalid=\"false\" value=\"\" type=\"tel\" name=\"your-tel\" \/><\/span> <\/label>\n\t<\/p>\n\t<p><label>Subject<br \/>\n<span class=\"wpcf7-form-control-wrap\" data-name=\"your-subject\"><input size=\"40\" maxlength=\"400\" class=\"wpcf7-form-control wpcf7-text\" aria-invalid=\"false\" value=\"\" type=\"text\" name=\"your-subject\" \/><\/span> <\/label>\n\t<\/p>\n\t<p><label>Comments<b>*<\/b><br \/>\n<span class=\"wpcf7-form-control-wrap\" data-name=\"your-message\"><textarea cols=\"40\" rows=\"10\" maxlength=\"2000\" class=\"wpcf7-form-control wpcf7-textarea\" aria-invalid=\"false\" name=\"your-message\"><\/textarea><\/span> <\/label>\n\t<\/p>\n\t<p><input class=\"wpcf7-form-control wpcf7-submit has-spinner\" type=\"submit\" value=\"Send\" \/>\n\t<\/p>\n<\/div><div class=\"wpcf7-response-output\" aria-hidden=\"true\"><\/div>\n<\/form>\n<\/div>\n<br \/>\n<iframe loading=\"lazy\" style=\"border: 0;\" src=\"https:\/\/www.google.com\/maps\/embed?pb=!1m18!1m12!1m3!1d3475.8695988603386!2d-73.59153598444247!3d45.46658787910102!2m3!1f0!2f0!3f0!3m2!1i1024!2i768!4f13.1!3m3!1m2!1s0x4cc9109197ed8bff%3A0x71f3c9d818732eb7!2s5160+Rue+St-Patrick%2C+Montr%C3%A9al%2C+QC+H4E+4N5!5e1!3m2!1sfr!2sca!4v1473196009277\" width=\"100%\" height=\"250\" frameborder=\"0\" allowfullscreen=\"allowfullscreen\"><\/iframe><\/p>\n<\/div>\n<\/div><\/div><\/div><\/div><\/div>","protected":false},"excerpt":{"rendered":"<p>Les Publicit\u00e9s A. Campeau Lt\u00e9e5160 St-Patrick Street Montr\u00e9al (Qu\u00e9bec) \u00a0H4E 4N5 514 768-2424 pac@pubcampeau.com\u00a0A Team at your serviceAvailable to meet your needs, you can contact us by phone, email or fill out the information form. A representative will contact you within 24 hours following the reception or you demand.Alain Campeau, President an CEO alain@pubcampeau.comH\u00e9l\u00e8ne H. &hellip; <a href=\"http:\/\/pubcampeau.com\/en\/contact\/\" class=\"more-link\">Continue reading<span class=\"screen-reader-text\"> &#8220;Contact&#8221;<\/span><\/a><\/p>\n","protected":false},"author":9,"featured_media":0,"parent":0,"menu_order":0,"comment_status":"closed","ping_status":"closed","template":"","meta":{"_acf_changed":false,"footnotes":""},"class_list":["post-158","page","type-page","status-publish","hentry"],"acf":[],"_links":{"self":[{"href":"http:\/\/pubcampeau.com\/en\/wp-json\/wp\/v2\/pages\/158","targetHints":{"allow":["GET"]}}],"collection":[{"href":"http:\/\/pubcampeau.com\/en\/wp-json\/wp\/v2\/pages"}],"about":[{"href":"http:\/\/pubcampeau.com\/en\/wp-json\/wp\/v2\/types\/page"}],"author":[{"embeddable":true,"href":"http:\/\/pubcampeau.com\/en\/wp-json\/wp\/v2\/users\/9"}],"replies":[{"embeddable":true,"href":"http:\/\/pubcampeau.com\/en\/wp-json\/wp\/v2\/comments?post=158"}],"version-history":[{"count":13,"href":"http:\/\/pubcampeau.com\/en\/wp-json\/wp\/v2\/pages\/158\/revisions"}],"predecessor-version":[{"id":382,"href":"http:\/\/pubcampeau.com\/en\/wp-json\/wp\/v2\/pages\/158\/revisions\/382"}],"wp:attachment":[{"href":"http:\/\/pubcampeau.com\/en\/wp-json\/wp\/v2\/media?parent=158"}],"curies":[{"name":"wp","href":"https:\/\/api.w.org\/{rel}","templated":true}]}}